{"id":60,"date":"2020-08-09T09:50:41","date_gmt":"2020-08-09T07:50:41","guid":{"rendered":"http:\/\/www.ch-cm.ch\/?page_id=60"},"modified":"2024-12-18T23:58:48","modified_gmt":"2024-12-18T22:58:48","slug":"notre-comite","status":"publish","type":"page","link":"https:\/\/www.ch-cm.ch\/index.php\/home\/notre-societe\/notre-comite\/","title":{"rendered":"Notre Comit\u00e9"},"content":{"rendered":"\n<div class=\"wp-block-media-text alignwide is-stacked-on-mobile\"><figure class=\"wp-block-media-text__media\"><img loading=\"lazy\" decoding=\"async\" width=\"1024\" height=\"424\" src=\"https:\/\/www.ch-cm.ch\/wp-content\/uploads\/2024\/12\/Comite-2-1024x424.jpg\" alt=\"\" class=\"wp-image-1572 size-full\" srcset=\"https:\/\/www.ch-cm.ch\/wp-content\/uploads\/2024\/12\/Comite-2-1024x424.jpg 1024w, https:\/\/www.ch-cm.ch\/wp-content\/uploads\/2024\/12\/Comite-2-300x124.jpg 300w, https:\/\/www.ch-cm.ch\/wp-content\/uploads\/2024\/12\/Comite-2-768x318.jpg 768w, https:\/\/www.ch-cm.ch\/wp-content\/uploads\/2024\/12\/Comite-2-1536x635.jpg 1536w, https:\/\/www.ch-cm.ch\/wp-content\/uploads\/2024\/12\/Comite-2-2048x847.jpg 2048w\" sizes=\"auto, (max-width: 1024px) 100vw, 1024px\" \/><\/figure><div class=\"wp-block-media-text__content\">\n<p class=\"has-normal-font-size\"><br>De gauche \u00e0 droite :<\/p>\n\n\n\n<div class=\"wp-block-group\"><div class=\"wp-block-group__inner-container is-layout-flow wp-block-group-is-layout-flow\">\n<p class=\"has-normal-font-size\">Dominique Taeymans, Tr\u00e9sorier<br>Claude Cochard, Vice-Pr\u00e9sident<br>Jean-Philippe Schneiter, Pr\u00e9sident<br>Eric Silbermann, Multim\u00e9dia<br>Wolfgang Martz, Secr\u00e9taire<\/p>\n<\/div><\/div>\n<\/div><\/div>\n","protected":false},"excerpt":{"rendered":"","protected":false},"author":1,"featured_media":0,"parent":33,"menu_order":0,"comment_status":"closed","ping_status":"closed","template":"","meta":{"footnotes":""},"class_list":["post-60","page","type-page","status-publish","hentry"],"_links":{"self":[{"href":"https:\/\/www.ch-cm.ch\/index.php\/wp-json\/wp\/v2\/pages\/60","targetHints":{"allow":["GET"]}}],"collection":[{"href":"https:\/\/www.ch-cm.ch\/index.php\/wp-json\/wp\/v2\/pages"}],"about":[{"href":"https:\/\/www.ch-cm.ch\/index.php\/wp-json\/wp\/v2\/types\/page"}],"author":[{"embeddable":true,"href":"https:\/\/www.ch-cm.ch\/index.php\/wp-json\/wp\/v2\/users\/1"}],"replies":[{"embeddable":true,"href":"https:\/\/www.ch-cm.ch\/index.php\/wp-json\/wp\/v2\/comments?post=60"}],"version-history":[{"count":10,"href":"https:\/\/www.ch-cm.ch\/index.php\/wp-json\/wp\/v2\/pages\/60\/revisions"}],"predecessor-version":[{"id":1573,"href":"https:\/\/www.ch-cm.ch\/index.php\/wp-json\/wp\/v2\/pages\/60\/revisions\/1573"}],"up":[{"embeddable":true,"href":"https:\/\/www.ch-cm.ch\/index.php\/wp-json\/wp\/v2\/pages\/33"}],"wp:attachment":[{"href":"https:\/\/www.ch-cm.ch\/index.php\/wp-json\/wp\/v2\/media?parent=60"}],"curies":[{"name":"wp","href":"https:\/\/api.w.org\/{rel}","templated":true}]}}