{"id":57,"date":"2020-08-09T09:49:31","date_gmt":"2020-08-09T07:49:31","guid":{"rendered":"http:\/\/www.ch-cm.ch\/?page_id=57"},"modified":"2022-01-11T21:41:48","modified_gmt":"2022-01-11T20:41:48","slug":"notre-directeur","status":"publish","type":"page","link":"https:\/\/www.ch-cm.ch\/index.php\/home\/notre-societe\/notre-directeur\/","title":{"rendered":"Notre Directeur actuel"},"content":{"rendered":"\n<div class=\"wp-block-group\"><div class=\"wp-block-group__inner-container is-layout-flow wp-block-group-is-layout-flow\">\n<div class=\"wp-block-media-text alignwide is-stacked-on-mobile\" style=\"grid-template-columns:23% auto\"><figure class=\"wp-block-media-text__media\"><img loading=\"lazy\" decoding=\"async\" width=\"240\" height=\"313\" src=\"http:\/\/www.ch-cm.ch\/wp-content\/uploads\/2022\/01\/Andre\u0301a-Longo.a.jpeg\" alt=\"\" class=\"wp-image-398 size-full\" srcset=\"https:\/\/www.ch-cm.ch\/wp-content\/uploads\/2022\/01\/Andre\u0301a-Longo.a.jpeg 240w, https:\/\/www.ch-cm.ch\/wp-content\/uploads\/2022\/01\/Andre\u0301a-Longo.a-230x300.jpeg 230w\" sizes=\"auto, (max-width: 240px) 100vw, 240px\" \/><\/figure><div class=\"wp-block-media-text__content\">\n<p>Andrea Longo est dipl\u00f4m\u00e9 du Conservatoire de musique de Pesaro en Italie, pianiste accompagnateur de chorales et percussionniste. Il compose et harmonise \u00e9galement des musiques pour chorales et groupes vocaux. Tout au long de sa carri\u00e8re, son int\u00e9r\u00eat pour l\u2019approche musicale artistique n\u2019a jamais cess\u00e9 de cro\u00eetre au travers des formations et stages d\u2019am\u00e9lioration. Avec plus de vingt ans de direction chorale \u00e0 son actif dont dix-neuf en Suisse, il est actuellement directeur du groupe vocal f\u00e9minin \u00ab&nbsp;Z\u2019Elles&nbsp;\u00bb.<\/p>\n\n\n\n<p>Andrea Longo a, tout au long de ces ann\u00e9es, enrichi son exp\u00e9rience artistique aupr\u00e8s de ch\u0153urs d\u2019hommes, ch\u0153urs mixtes et groupes vocaux compos\u00e9s de jeunes et d\u2019adultes. Ces ann\u00e9es d\u2019activit\u00e9 lui ont permis d\u2019int\u00e9grer et r\u00e9aliser plusieurs formes de projets \u2013 spectacles avec orchestres, big bands, groupes musicaux ainsi que projets vocaux comme op\u00e9rettes et com\u00e9dies musicales.<\/p>\n\n\n\n<p>Directeur du Ch\u0153ur d\u2019homme de Chernex-Montreux depuis d\u00e9cembre 2021, il se dit honor\u00e9 de prendre le flambeau de leader d\u2019une chorale si prestigieuse. Il se lance le d\u00e9fi de conduire les chanteurs vers de nouveaux horizons color\u00e9s d\u2019harmonies actuelles et des temps anciens.<\/p>\n<\/div><\/div>\n\n\n\n<hr class=\"wp-block-separator\"\/>\n<\/div><\/div>\n\n\n\n<p>                                                                     <\/p>\n\n\n\n<p style=\"font-size:30px\"><strong>Notre Directeur pr\u00e9c\u00e9dent<\/strong><\/p>\n\n\n\n<div class=\"wp-block-media-text alignwide\" style=\"grid-template-columns:32% auto\"><figure class=\"wp-block-media-text__media\"><img loading=\"lazy\" decoding=\"async\" width=\"662\" height=\"600\" src=\"http:\/\/www.ch-cm.ch\/wp-content\/uploads\/2020\/08\/DSC_0090.jpg\" alt=\"\" class=\"wp-image-187 size-full\" srcset=\"https:\/\/www.ch-cm.ch\/wp-content\/uploads\/2020\/08\/DSC_0090.jpg 662w, https:\/\/www.ch-cm.ch\/wp-content\/uploads\/2020\/08\/DSC_0090-300x272.jpg 300w\" sizes=\"auto, (max-width: 662px) 100vw, 662px\" \/><\/figure><div class=\"wp-block-media-text__content\">\n<p>Fran\u00e7ois Brousoz m\u00e8ne parall\u00e8lement \u00e0 son m\u00e9tier d&rsquo;enseignant une activit\u00e9 de chef de ch\u0153urs. Il dirige la Jeune Harmonie de Chernex depuis 1984. A la t\u00eate de diverses chorales mixtes, hommes ou enfants depuis 1975, il travaille avec passion et patience la voix et la richesse musicale pour toutes les interpr\u00e9tations des \u0153uvres tant classiques que populaires. Il aime s&rsquo;attaquer \u00e0 des oeuvres tr\u00e8s diverses et le renouvellement du r\u00e9pertoire pour ch\u0153urs d&rsquo;hommes, notamment, est une de ses priorit\u00e9s. Pour ce faire il collabore avec des compositeurs de talent comme&nbsp;<a rel=\"noreferrer noopener\" href=\"https:\/\/nicolaischlup.ch\/\" target=\"_blank\">Nicola\u00ef Schlup<\/a>. <br><br>Il est n\u00e9 en 1950. Formation \u00e0 Bulle (chant gr\u00e9gorien, enseignement de la p\u00e9dagogie musicale Ward) et \u00e0 Lausanne (direction d&rsquo;orchestre avec Herv\u00e9 Klopfenstein).<\/p>\n<\/div><\/div>\n","protected":false},"excerpt":{"rendered":"<p>Andrea Longo est dipl\u00f4m\u00e9 du Conservatoire de musique de Pesaro en Italie, pianiste accompagnateur de chorales et percussionniste. Il compose &hellip; <\/p>\n","protected":false},"author":1,"featured_media":0,"parent":33,"menu_order":0,"comment_status":"closed","ping_status":"closed","template":"","meta":{"footnotes":""},"class_list":["post-57","page","type-page","status-publish","hentry"],"_links":{"self":[{"href":"https:\/\/www.ch-cm.ch\/index.php\/wp-json\/wp\/v2\/pages\/57","targetHints":{"allow":["GET"]}}],"collection":[{"href":"https:\/\/www.ch-cm.ch\/index.php\/wp-json\/wp\/v2\/pages"}],"about":[{"href":"https:\/\/www.ch-cm.ch\/index.php\/wp-json\/wp\/v2\/types\/page"}],"author":[{"embeddable":true,"href":"https:\/\/www.ch-cm.ch\/index.php\/wp-json\/wp\/v2\/users\/1"}],"replies":[{"embeddable":true,"href":"https:\/\/www.ch-cm.ch\/index.php\/wp-json\/wp\/v2\/comments?post=57"}],"version-history":[{"count":16,"href":"https:\/\/www.ch-cm.ch\/index.php\/wp-json\/wp\/v2\/pages\/57\/revisions"}],"predecessor-version":[{"id":469,"href":"https:\/\/www.ch-cm.ch\/index.php\/wp-json\/wp\/v2\/pages\/57\/revisions\/469"}],"up":[{"embeddable":true,"href":"https:\/\/www.ch-cm.ch\/index.php\/wp-json\/wp\/v2\/pages\/33"}],"wp:attachment":[{"href":"https:\/\/www.ch-cm.ch\/index.php\/wp-json\/wp\/v2\/media?parent=57"}],"curies":[{"name":"wp","href":"https:\/\/api.w.org\/{rel}","templated":true}]}}