{"id":55,"date":"2020-08-09T09:48:57","date_gmt":"2020-08-09T07:48:57","guid":{"rendered":"http:\/\/www.ch-cm.ch\/?page_id=55"},"modified":"2022-03-08T06:42:33","modified_gmt":"2022-03-08T05:42:33","slug":"repertoire","status":"publish","type":"page","link":"https:\/\/www.ch-cm.ch\/index.php\/home\/notre-societe\/repertoire\/","title":{"rendered":"Notre r\u00e9pertoire"},"content":{"rendered":"\n<p>Soucieux de pr\u00e9senter un programme toujours d&rsquo;actualit\u00e9, nous travaillons un r\u00e9pertoire \u00e9clectique qui s&rsquo;\u00e9tend de la p\u00e9riode Classique (Mozart; Schubert; Mendelssohn) \u00e0 celle plus contemporaine (Schlup; Kaelin; Huwiler). <br><br>Nous avons \u00e9galement pour mission de garder vivantes des pi\u00e8ces du r\u00e9pertoire vaudois autant que de nous amuser autour de projets de musique moderne.<\/p>\n\n\n\n<p><\/p>\n\n\n\n<p><\/p>\n","protected":false},"excerpt":{"rendered":"<p>Soucieux de pr\u00e9senter un programme toujours d&rsquo;actualit\u00e9, nous travaillons un r\u00e9pertoire \u00e9clectique qui s&rsquo;\u00e9tend de la p\u00e9riode Classique (Mozart; Schubert; &hellip; <\/p>\n","protected":false},"author":1,"featured_media":0,"parent":33,"menu_order":0,"comment_status":"closed","ping_status":"closed","template":"","meta":{"footnotes":""},"class_list":["post-55","page","type-page","status-publish","hentry"],"_links":{"self":[{"href":"https:\/\/www.ch-cm.ch\/index.php\/wp-json\/wp\/v2\/pages\/55","targetHints":{"allow":["GET"]}}],"collection":[{"href":"https:\/\/www.ch-cm.ch\/index.php\/wp-json\/wp\/v2\/pages"}],"about":[{"href":"https:\/\/www.ch-cm.ch\/index.php\/wp-json\/wp\/v2\/types\/page"}],"author":[{"embeddable":true,"href":"https:\/\/www.ch-cm.ch\/index.php\/wp-json\/wp\/v2\/users\/1"}],"replies":[{"embeddable":true,"href":"https:\/\/www.ch-cm.ch\/index.php\/wp-json\/wp\/v2\/comments?post=55"}],"version-history":[{"count":13,"href":"https:\/\/www.ch-cm.ch\/index.php\/wp-json\/wp\/v2\/pages\/55\/revisions"}],"predecessor-version":[{"id":558,"href":"https:\/\/www.ch-cm.ch\/index.php\/wp-json\/wp\/v2\/pages\/55\/revisions\/558"}],"up":[{"embeddable":true,"href":"https:\/\/www.ch-cm.ch\/index.php\/wp-json\/wp\/v2\/pages\/33"}],"wp:attachment":[{"href":"https:\/\/www.ch-cm.ch\/index.php\/wp-json\/wp\/v2\/media?parent=55"}],"curies":[{"name":"wp","href":"https:\/\/api.w.org\/{rel}","templated":true}]}}