{"id":53,"date":"2020-08-09T09:48:31","date_gmt":"2020-08-09T07:48:31","guid":{"rendered":"http:\/\/www.ch-cm.ch\/?page_id=53"},"modified":"2024-02-07T21:26:56","modified_gmt":"2024-02-07T20:26:56","slug":"presentation","status":"publish","type":"page","link":"https:\/\/www.ch-cm.ch\/index.php\/home\/notre-societe\/presentation\/","title":{"rendered":"Pr\u00e9sentation"},"content":{"rendered":"\n<p>Le mot de notre Pr\u00e9sident : Jean-Philippe Schneiter<\/p>\n\n\n\n<p>Fond\u00e9 le 30 d\u00e9cembre 1908, le Ch\u0153ur d\u2019hommes de Chernex-Montreux &#8211; La Jeune Harmonie, a travers\u00e9 un si\u00e8cle riche en \u00e9v\u00e9nements majeurs pour le d\u00e9veloppement de notre tissu socioculturel. Notre chorale a su \u00e9voluer et saisir les opportunit\u00e9s r\u00e9gionales pour progresser et rester attractive. En 1946, le comit\u00e9 fonde et organise le premier giron des chanteurs de la Riviera qui regroupe une douzaine de soci\u00e9t\u00e9s.<\/p>\n\n\n\n<p>Sous l\u2019impulsion de notre pr\u00e9c\u00e9dent Directeur, Fran\u00e7ois Brousoz,\u00a0Le Ch\u0153ur d&rsquo;Hommes de Chernex-Montreux\u00a0a relev\u00e9 de nombreux d\u00e9fis. Son r\u00e9pertoire s\u2019est \u00e9largi \u00e0 des pi\u00e8ces classiques, religieuses et contemporaines. Dans un esprit d\u2019ouverture, notre Soci\u00e9t\u00e9 participe \u00e0 des rencontres chorales de haut niveau en Suisse et en dehors de nos fronti\u00e8res.\u00a0C\u2019est gr\u00e2ce \u00e0 la finesse et la pr\u00e9cision requises par notre directeur, que le Ch\u0153ur d\u2019hommes atteint un tr\u00e8s bon niveau. En effet, la fusion et la justesse de l\u2019interpr\u00e9tation sont telles, que\u00a0le ch\u0153ur\u00a0s\u2019est hiss\u00e9e dans les trois meilleurs ch\u0153urs d\u2019hommes du canton lors de la F\u00eate cantonale des chanteurs vaudois \u00e0 Orbe en 2005, celle \u00e0 Payerne en 2013, celle \u00e0 Echallens en 2017 et celle \u00e0 Gland en 2023. Il a m\u00eame\u00a0obtenu le 1<sup>er<\/sup>\u00a0Prix du Jeune Jury au Concours Choral de Fribourg en 2009.<\/p>\n\n\n\n<p>L\u2019union fait la force, et \u00e0 plusieurs reprises, nous avons pu v\u00e9rifier la justesse de cet adage, en nous associant \u00e0 des chorales de la r\u00e9gion, pour former l\u2019Ensemble Choral de la Riviera, et porter ainsi les couleurs de Montreux&nbsp;<em>extra muros<\/em>&nbsp;avec un succ\u00e8s reconnu.<\/p>\n\n\n\n<p>Notre chorale compte actuellement&nbsp;35 membres actifs dont plusieurs jeunes chanteurs dynamiques, ce qui d\u00e9montre que le m\u00e9lange des g\u00e9n\u00e9rations favorise la cohabitation du r\u00e9pertoire traditionnel et de la musique contemporaine.&nbsp;Pr\u00e9sident depuis 2015, j&rsquo;ai la joie d&rsquo;\u00eatre appuy\u00e9 par un comit\u00e9 entreprenant.<\/p>\n\n\n\n<p>L&rsquo;ambiance du choeur est si bonne que les r\u00e9p\u00e9titions se terminent souvent au del\u00e0 de 23 heures, le club des \u00ab\u00a0p\u00e8dzes&nbsp;ayant de la peine \u00e0 s\u2019arr\u00eater de chanter&nbsp;! Vous ne savez pas quoi faire le mardi soir&nbsp;? Alors n\u2019h\u00e9sitez pas \u00e0 participer \u00e0 l\u2019une de nos r\u00e9p\u00e9titions avec notre nouveau Directeur, Andrea Longo. Et comme dit notre ancien&nbsp;pr\u00e9sident&nbsp;:&nbsp;\u00abl\u2019essayer, c\u2019est l\u2019adopter\u00bb&nbsp;!<\/p>\n\n\n\n<p>Ami de l&rsquo;art choral, merci pour votre attention, et \u00e0 bient\u00f4t j&rsquo;esp\u00e8re.<\/p>\n\n\n\n<figure class=\"wp-block-embed is-type-video is-provider-youtube wp-block-embed-youtube wp-embed-aspect-16-9 wp-has-aspect-ratio\"><div class=\"wp-block-embed__wrapper\">\n<iframe loading=\"lazy\" title=\"Choeur d&#039;Hommes de Chernex-Montreux\" width=\"750\" height=\"422\" src=\"https:\/\/www.youtube.com\/embed\/kDHk7eW_A2M?feature=oembed\" frameborder=\"0\" allow=\"accelerometer; autoplay; clipboard-write; encrypted-media; gyroscope; picture-in-picture\" allowfullscreen><\/iframe>\n<\/div><\/figure>\n","protected":false},"excerpt":{"rendered":"<p>Le mot de notre Pr\u00e9sident : Jean-Philippe Schneiter Fond\u00e9 le 30 d\u00e9cembre 1908, le Ch\u0153ur d\u2019hommes de Chernex-Montreux &#8211; La &hellip; <\/p>\n","protected":false},"author":1,"featured_media":0,"parent":33,"menu_order":0,"comment_status":"closed","ping_status":"closed","template":"","meta":{"footnotes":""},"class_list":["post-53","page","type-page","status-publish","hentry"],"_links":{"self":[{"href":"https:\/\/www.ch-cm.ch\/index.php\/wp-json\/wp\/v2\/pages\/53","targetHints":{"allow":["GET"]}}],"collection":[{"href":"https:\/\/www.ch-cm.ch\/index.php\/wp-json\/wp\/v2\/pages"}],"about":[{"href":"https:\/\/www.ch-cm.ch\/index.php\/wp-json\/wp\/v2\/types\/page"}],"author":[{"embeddable":true,"href":"https:\/\/www.ch-cm.ch\/index.php\/wp-json\/wp\/v2\/users\/1"}],"replies":[{"embeddable":true,"href":"https:\/\/www.ch-cm.ch\/index.php\/wp-json\/wp\/v2\/comments?post=53"}],"version-history":[{"count":7,"href":"https:\/\/www.ch-cm.ch\/index.php\/wp-json\/wp\/v2\/pages\/53\/revisions"}],"predecessor-version":[{"id":1379,"href":"https:\/\/www.ch-cm.ch\/index.php\/wp-json\/wp\/v2\/pages\/53\/revisions\/1379"}],"up":[{"embeddable":true,"href":"https:\/\/www.ch-cm.ch\/index.php\/wp-json\/wp\/v2\/pages\/33"}],"wp:attachment":[{"href":"https:\/\/www.ch-cm.ch\/index.php\/wp-json\/wp\/v2\/media?parent=53"}],"curies":[{"name":"wp","href":"https:\/\/api.w.org\/{rel}","templated":true}]}}